{"id":6589,"date":"2019-09-30T10:02:41","date_gmt":"2019-09-30T09:02:41","guid":{"rendered":"http:\/\/www.cycling-togethearth.org\/?page_id=6589"},"modified":"2019-10-17T10:26:52","modified_gmt":"2019-10-17T09:26:52","slug":"humano","status":"publish","type":"page","link":"https:\/\/www.explore-togethearth.com\/es\/fotosvideos-2\/humano\/","title":{"rendered":"Humano"},"content":{"rendered":"<h3>Introducci\u00f3n<\/h3>\n<p><em>\u00abHomo Sapiens es un animal muy extra\u00f1o. Dio forma al mundo de acuerdo a su visi\u00f3n, adorando a un dios invisible y destruyendo una naturaleza visible, sin darse cuenta de que la naturaleza que destruye es el dios que adora.\u00bb<\/em><\/p>\n<p>Durante 4 a\u00f1os, tom\u00e9 el tiempo de involucrarme en la vida de las personas, de los pueblos ind\u00edgenas y de tener un profundo inter\u00e9s en ellos. A trav\u00e9s de mis fotos, he olvidado la noci\u00f3n del tiempo, para describir con la mayor honestidad, la realidad de este mundo, de nuestra humanidad.<\/p>\n<p>Muchas veces en este viaje, he escuchado las historias de personas que nunca habian podido contarle sus vidas a nadie . Por mi personalidad, entr\u00e9 en comuni\u00f3n con el otro y tuve la ventaja de ser s\u00f3lo un individuo pasajero.\u00a0 Hay historias de vida fuertes, admirables, dolorosas, humanas &#8230; Algunas de estas historias han cambiado mi forma de ser, de ver la vida.<\/p>\n<p>Recib\u00ed las respuestas m\u00e1s profundas sobre nuestra humanidad al conocer a estos humanos, que todav\u00eda viven en estrecha simbiosis con su entorno. Escuchando a la naturaleza, son mensajeros de la humanidad. Sus acciones diarias me han demostrado que el equilibrio en la tierra s\u00f3lo es posible a trav\u00e9s de la uni\u00f3n y la ayuda mutua entre los humanos.<\/p>\n<p>Toqu\u00e9 el mundo con las puntas de los dedos, cruc\u00e9 miradas y sonre\u00ed a millones de personas, salud\u00e9 y habl\u00e9 con miles. Observ\u00e9, escrib\u00ed y absorb\u00ed historias que me han cambiado para siempre. Historias que a trav\u00e9s de sus mensajes podr\u00edan hacer que el hombre entienda que la naturaleza es nuestra mejor aliada.<\/p>\n<h3><strong>Elija su foto\u00a0<\/strong><\/h3>\n<p>Estoy disponible para guiarle en la elecci\u00f3n del papel, del formato, de la laminaci\u00f3n, etc&#8230;. Consejos adaptados a sus deseos y expectativas.\u00a0 No dude en ponerse en contacto conmigo por correo electr\u00f3nico:<a href=\"mailto:cycling.togethearth@gmail.com\"> cycling.togethearth@gmail.com<\/a><\/p>\n<ul>\n<li>Cada fotograf\u00eda viene con su<span style=\"color: #ff9900;\"><strong> historia \u00fanica.<\/strong><\/span><\/li>\n<li>Las fotograf\u00edas est\u00e1n impresas en<strong><span style=\"color: #ff9900;\"> papel<\/span><\/strong> <span style=\"color: #ff9900;\"><strong>Fine Art<\/strong> <\/span>de alta calidad.<\/li>\n<li>Las impresiones se realizan en <strong><span style=\"color: #ff9900;\">impresoras de inyecci\u00f3n de tinta<\/span><\/strong>, lo que permite realizar impresiones de alta calidad.<\/li>\n<li>Posibilidad de <strong><span style=\"color: #ff9900;\">proteger cada foto<\/span><\/strong> del desgaste del tiempo y de los rayos UV<\/li>\n<li><strong><span style=\"color: #ff9900;\">Los formatos<\/span><\/strong> de las fotos son numerosos y var\u00edan entre 20X30 cm y 100&#215;150 cm.<\/li>\n<li>Posibilidad de<strong><span style=\"color: #ff9900;\"> enmarcar o laminar<\/span><\/strong> cada foto sobre diferentes soportes.<\/li>\n<li><span style=\"color: #ff9900;\"><strong>Impresiones exclusivas<\/strong><\/span> sobre lienzo, aluminio cromado, madera, cristal puro.<\/li>\n<\/ul>\n<h3>Interesado\u00a0en una fotograf\u00eda, por favor <a href=\"http:\/\/www.cycling-togethearth.org\/es\/contacto\/\">cont\u00e1cteme<\/a>.<\/h3>\n<div id=\"gtx-trans\" style=\"position: absolute; left: 350px; top: 512px;\">\n<div class=\"gtx-trans-icon\"><\/div>\n<\/div>\n","protected":false},"excerpt":{"rendered":"<p>Introducci\u00f3n \u00abHomo Sapiens es un animal muy extra\u00f1o. Dio forma al mundo de acuerdo a su visi\u00f3n, adorando a un dios invisible y destruyendo una naturaleza visible, sin darse cuenta de que la naturaleza que destruye es el dios que adora.\u00bb Durante 4 a\u00f1os, tom\u00e9 el tiempo de involucrarme en la vida de las personas, [&hellip;]<\/p>\n","protected":false},"author":1,"featured_media":6701,"parent":229,"menu_order":1,"comment_status":"closed","ping_status":"closed","template":"page-templates\/template-photography.php","meta":{"_acf_changed":false,"footnotes":""},"class_list":["post-6589","page","type-page","status-publish","has-post-thumbnail","hentry"],"acf":[],"jetpack_sharing_enabled":true,"jetpack_shortlink":"https:\/\/wp.me\/P8xcPL-1Ih","_links":{"self":[{"href":"https:\/\/www.explore-togethearth.com\/es\/wp-json\/wp\/v2\/pages\/6589","targetHints":{"allow":["GET"]}}],"collection":[{"href":"https:\/\/www.explore-togethearth.com\/es\/wp-json\/wp\/v2\/pages"}],"about":[{"href":"https:\/\/www.explore-togethearth.com\/es\/wp-json\/wp\/v2\/types\/page"}],"author":[{"embeddable":true,"href":"https:\/\/www.explore-togethearth.com\/es\/wp-json\/wp\/v2\/users\/1"}],"replies":[{"embeddable":true,"href":"https:\/\/www.explore-togethearth.com\/es\/wp-json\/wp\/v2\/comments?post=6589"}],"version-history":[{"count":7,"href":"https:\/\/www.explore-togethearth.com\/es\/wp-json\/wp\/v2\/pages\/6589\/revisions"}],"predecessor-version":[{"id":7332,"href":"https:\/\/www.explore-togethearth.com\/es\/wp-json\/wp\/v2\/pages\/6589\/revisions\/7332"}],"up":[{"embeddable":true,"href":"https:\/\/www.explore-togethearth.com\/es\/wp-json\/wp\/v2\/pages\/229"}],"wp:featuredmedia":[{"embeddable":true,"href":"https:\/\/www.explore-togethearth.com\/es\/wp-json\/wp\/v2\/media\/6701"}],"wp:attachment":[{"href":"https:\/\/www.explore-togethearth.com\/es\/wp-json\/wp\/v2\/media?parent=6589"}],"curies":[{"name":"wp","href":"https:\/\/api.w.org\/{rel}","templated":true}]}}