{"id":175,"date":"2014-12-16T13:40:51","date_gmt":"2014-12-16T12:40:51","guid":{"rendered":"http:\/\/p4027.phpnet.org\/test-cycle\/?page_id=175"},"modified":"2021-01-08T22:31:10","modified_gmt":"2021-01-08T21:31:10","slug":"pagina-de-inicio","status":"publish","type":"page","link":"https:\/\/www.explore-togethearth.com\/es\/","title":{"rendered":"P\u00e1gina de inicio"},"content":{"rendered":"<blockquote>\n<p style=\"text-align: center;\"><span style=\"color: #ffffff;\"><strong>Julien Defourny, Explore-Togeth&#8217;Earth.<\/strong><\/span><\/p>\n<p style=\"text-align: center;\"><span style=\"color: #ffffff;\"><strong>Director de pelicula &#8211; aventurero belga.<\/strong><\/span><\/p>\n<p style=\"text-align: left;\">Durante 4 a\u00f1os, Julien viaja por las Am\u00e9ricas sin motor. <strong>47.000 kil\u00f3metros en bicicleta, a pie o en canoa<\/strong> para salir al encuentro del mundo.<\/p>\n<p style=\"text-align: left;\">Es sobre todo su preocupaci\u00f3n por nuestro futuro lo que lo empuj\u00f3 a filmar y fotografiar. Preocupado por el cambio clim\u00e1tico,\u00a0 quiso documentar sus consecuencias en el mundo.<\/p>\n<p style=\"text-align: left;\">En el curso de esta aventura, hace encuentros que cambian su visi\u00f3n del mundo y desaf\u00edan sus creencias. Su viaje toma un nuevo impulso, se deja guiar por las voces de las Am\u00e9ricas, las de la tierra y sus seres vivos.<\/p>\n<p style=\"text-align: left;\">Hoy en d\u00eda, estas voces todav\u00eda vibran dentro de \u00e9l. Julien siente cada especie como una nota musical. En una sinfon\u00eda perfecta, el mundo le ha ofrecido su m\u00e1s bello espect\u00e1culo, la armon\u00eda. Un equilibrio virtuoso entre la humanidad, la biodiversidad y la naturaleza.<\/p>\n<p style=\"text-align: left;\">A trav\u00e9s de sus obras, Julien nos lleva al coraz\u00f3n de este equilibrio llevando un mensaje: \u00abNunca es demasiado tarde para ser parte de esta uni\u00f3n y ser una vez m\u00e1s los artistas de este mundo\u00bb.<\/p>\n<p style=\"text-align: left;\">\n<\/blockquote>\n","protected":false},"excerpt":{"rendered":"<p>Julien Defourny, Explore-Togeth&#8217;Earth. Director de pelicula &#8211; aventurero belga. Durante 4 a\u00f1os, Julien viaja por las Am\u00e9ricas sin motor. 47.000 kil\u00f3metros en bicicleta, a pie o en canoa para salir al encuentro del mundo. Es sobre todo su preocupaci\u00f3n por nuestro futuro lo que lo empuj\u00f3 a filmar y fotografiar. Preocupado por el cambio clim\u00e1tico,\u00a0 [&hellip;]<\/p>\n","protected":false},"author":1,"featured_media":0,"parent":0,"menu_order":0,"comment_status":"closed","ping_status":"closed","template":"page-templates\/template-homepage.php","meta":{"_acf_changed":false,"footnotes":""},"class_list":["post-175","page","type-page","status-publish","hentry"],"acf":[],"jetpack_sharing_enabled":true,"jetpack_shortlink":"https:\/\/wp.me\/P8xcPL-2P","_links":{"self":[{"href":"https:\/\/www.explore-togethearth.com\/es\/wp-json\/wp\/v2\/pages\/175","targetHints":{"allow":["GET"]}}],"collection":[{"href":"https:\/\/www.explore-togethearth.com\/es\/wp-json\/wp\/v2\/pages"}],"about":[{"href":"https:\/\/www.explore-togethearth.com\/es\/wp-json\/wp\/v2\/types\/page"}],"author":[{"embeddable":true,"href":"https:\/\/www.explore-togethearth.com\/es\/wp-json\/wp\/v2\/users\/1"}],"replies":[{"embeddable":true,"href":"https:\/\/www.explore-togethearth.com\/es\/wp-json\/wp\/v2\/comments?post=175"}],"version-history":[{"count":17,"href":"https:\/\/www.explore-togethearth.com\/es\/wp-json\/wp\/v2\/pages\/175\/revisions"}],"predecessor-version":[{"id":8073,"href":"https:\/\/www.explore-togethearth.com\/es\/wp-json\/wp\/v2\/pages\/175\/revisions\/8073"}],"wp:attachment":[{"href":"https:\/\/www.explore-togethearth.com\/es\/wp-json\/wp\/v2\/media?parent=175"}],"curies":[{"name":"wp","href":"https:\/\/api.w.org\/{rel}","templated":true}]}}